{"id":1390,"date":"2021-11-02T14:56:57","date_gmt":"2021-11-02T14:56:57","guid":{"rendered":"https:\/\/deutzfahrmer.ca\/wp\/devenez-un-concessionnaire\/"},"modified":"2025-09-04T19:05:15","modified_gmt":"2025-09-04T19:05:15","slug":"devenez-un-concessionnaire","status":"publish","type":"page","link":"https:\/\/deutzfahrmer.ca\/fr\/devenez-un-concessionnaire\/","title":{"rendered":"Devenez un concessionnaire"},"content":{"rendered":"<section id=\"block-61eacf76a45a2\" class=\"block content-form\">\n    <div class=\"container\">\n        <div class=\"content-form-inner\">\n            <div class=\"title-wrapper\"><h1>Devenez un concessionnaire<\/h1>\n<p>Nous sommes constamment en train d&#8217;\u00e9largir notre r\u00e9seau de concessionnaires agr\u00e9\u00e9s, et nous vous invitons \u00e0 faire partie de notre histoire \u00e0 succ\u00e8s. En tant que distributeur officiel des tracteurs Deutz-Fahr au Canada, nous sommes fiers de proposer des \u00e9quipements agricoles de premi\u00e8re qualit\u00e9 aux agriculteurs de tout le pays. Devenir un concessionnaire avec nous signifie rejoindre une \u00e9quipe passionn\u00e9e et d\u00e9vou\u00e9e, soutenue par un h\u00e9ritage d&#8217;innovation et de satisfaction client.<\/p>\n<p>Si vous partagez notre engagement envers la qualit\u00e9 et la volont\u00e9 de servir la communaut\u00e9 agricole, c&#8217;est votre chance de vous engager dans un partenariat gratifiant. D\u00e9couvrez les avantages de faire partie de la famille MRG Canada et faites le premier pas vers un avenir prosp\u00e8re dans l&#8217;industrie agricole.<\/p>\n<h3>Formulaire de demande d&#8217;information<\/h3>\n<\/div>\n            <div class=\"form-wrapper\">\n<div class=\"wpcf7 no-js\" id=\"wpcf7-f1430-o1\" lang=\"fr-FR\" dir=\"ltr\" data-wpcf7-id=\"1430\">\n<div class=\"screen-reader-response\"><p role=\"status\" aria-live=\"polite\" aria-atomic=\"true\"><\/p> <ul><\/ul><\/div>\n<form action=\"\/fr\/wp-json\/wp\/v2\/pages\/1390#wpcf7-f1430-o1\" method=\"post\" class=\"wpcf7-form init 745e23ce95d8 cmatic-conn cmatic-aud-0 cmatic-mapd0-0 cmatic-v0978 cmatic-sent-0 cmatic-total-48\" aria-label=\"Contact form\" novalidate=\"novalidate\" data-status=\"init\">\n<fieldset class=\"hidden-fields-container\"><input type=\"hidden\" name=\"_wpcf7\" value=\"1430\" \/><input type=\"hidden\" name=\"_wpcf7_version\" value=\"6.1.5\" \/><input type=\"hidden\" name=\"_wpcf7_locale\" value=\"fr_FR\" \/><input type=\"hidden\" name=\"_wpcf7_unit_tag\" value=\"wpcf7-f1430-o1\" \/><input type=\"hidden\" name=\"_wpcf7_container_post\" value=\"0\" \/><input type=\"hidden\" name=\"_wpcf7_posted_data_hash\" value=\"\" \/>\n<\/fieldset>\n<div class=\"form\">\n    <div class=\"form-block\">\n        <div class=\"form-row\">\n            <div class=\"form-field\">\n                <label for=\"fullname\">NOM *<\/label>\n                <span class=\"wpcf7-form-control-wrap\" data-name=\"fullname\"><input size=\"40\" maxlength=\"400\" class=\"wpcf7-form-control wpcf7-text wpcf7-validates-as-required\" aria-required=\"true\" aria-invalid=\"false\" value=\"\" type=\"text\" name=\"fullname\" \/><\/span>\n            <\/div>\n            <div class=\"form-field\">\n                <label for=\"company\">COMPAGNIE *<\/label>\n                <span class=\"wpcf7-form-control-wrap\" data-name=\"company\"><input size=\"40\" maxlength=\"400\" class=\"wpcf7-form-control wpcf7-text wpcf7-validates-as-required\" aria-required=\"true\" aria-invalid=\"false\" value=\"\" type=\"text\" name=\"company\" \/><\/span>\n            <\/div>\n        <\/div>\n        <div class=\"form-row\">\n            <div class=\"form-field\">\n                <label for=\"phone\">T\u00c9L\u00c9PHONE<\/label>\n                <span class=\"wpcf7-form-control-wrap\" data-name=\"phone\"><input size=\"40\" maxlength=\"400\" class=\"wpcf7-form-control wpcf7-tel wpcf7-text wpcf7-validates-as-tel\" aria-invalid=\"false\" value=\"\" type=\"tel\" name=\"phone\" \/><\/span>\n            <\/div>\n            <div class=\"form-field\">\n                <label for=\"email\">EMAIL *<\/label>\n                <span class=\"wpcf7-form-control-wrap\" data-name=\"email\"><input size=\"40\" maxlength=\"400\" class=\"wpcf7-form-control wpcf7-email wpcf7-validates-as-required wpcf7-text wpcf7-validates-as-email\" aria-required=\"true\" aria-invalid=\"false\" value=\"\" type=\"email\" name=\"email\" \/><\/span>\n            <\/div>\n        <\/div>\n    <\/div>\n    <div class=\"form-block\">\n        <div class=\"form-row\">\n            <div class=\"form-field\">\n                <label for=\"message\">MESSAGE *<\/label>\n                <span class=\"wpcf7-form-control-wrap\" data-name=\"message\"><textarea cols=\"40\" rows=\"10\" maxlength=\"2000\" class=\"wpcf7-form-control wpcf7-textarea wpcf7-validates-as-required\" aria-required=\"true\" aria-invalid=\"false\" name=\"message\"><\/textarea><\/span>\n            <\/div>\n        <\/div>\n    <\/div>\n    <div class=\"form-actions\">\n<span id=\"wpcf7-69ee8493de2a6-wrapper\" class=\"wpcf7-form-control-wrap website-189-wrap\" style=\"display:none !important; visibility:hidden !important;\"><label for=\"wpcf7-69ee8493de2a6-field\" class=\"hp-message\">Please leave this field empty.<\/label><input id=\"wpcf7-69ee8493de2a6-field\"  class=\"wpcf7-form-control wpcf7-text\" type=\"text\" name=\"website-189\" value=\"\" size=\"40\" tabindex=\"-1\" autocomplete=\"new-password\" \/><\/span>\n        <input class=\"wpcf7-form-control wpcf7-submit has-spinner\" type=\"submit\" value=\"Submit\" \/>\n    <\/div>\n<\/div><div class=\"wpcf7-response-output\" aria-hidden=\"true\"><\/div>\n<\/form>\n<\/div>\n<\/div>\n        <\/div>\n    <\/div>\n<\/section>","protected":false},"excerpt":{"rendered":"","protected":false},"author":2,"featured_media":0,"parent":0,"menu_order":1,"comment_status":"closed","ping_status":"closed","template":"views\/template-menu-opaque.blade.php","meta":{"_acf_changed":false,"inline_featured_image":false,"_monsterinsights_skip_tracking":false,"_monsterinsights_sitenote_active":false,"_monsterinsights_sitenote_note":"","_monsterinsights_sitenote_category":0,"footnotes":""},"class_list":["post-1390","page","type-page","status-publish","hentry"],"acf":[],"_links":{"self":[{"href":"https:\/\/deutzfahrmer.ca\/fr\/wp-json\/wp\/v2\/pages\/1390","targetHints":{"allow":["GET"]}}],"collection":[{"href":"https:\/\/deutzfahrmer.ca\/fr\/wp-json\/wp\/v2\/pages"}],"about":[{"href":"https:\/\/deutzfahrmer.ca\/fr\/wp-json\/wp\/v2\/types\/page"}],"author":[{"embeddable":true,"href":"https:\/\/deutzfahrmer.ca\/fr\/wp-json\/wp\/v2\/users\/2"}],"replies":[{"embeddable":true,"href":"https:\/\/deutzfahrmer.ca\/fr\/wp-json\/wp\/v2\/comments?post=1390"}],"version-history":[{"count":4,"href":"https:\/\/deutzfahrmer.ca\/fr\/wp-json\/wp\/v2\/pages\/1390\/revisions"}],"predecessor-version":[{"id":1608,"href":"https:\/\/deutzfahrmer.ca\/fr\/wp-json\/wp\/v2\/pages\/1390\/revisions\/1608"}],"wp:attachment":[{"href":"https:\/\/deutzfahrmer.ca\/fr\/wp-json\/wp\/v2\/media?parent=1390"}],"curies":[{"name":"wp","href":"https:\/\/api.w.org\/{rel}","templated":true}]}}