{"id":1394,"date":"2021-11-02T13:54:14","date_gmt":"2021-11-02T13:54:14","guid":{"rendered":"https:\/\/deutzfahrmer.ca\/wp\/garantie\/"},"modified":"2023-09-27T18:30:01","modified_gmt":"2023-09-27T18:30:01","slug":"garantie","status":"publish","type":"page","link":"https:\/\/deutzfahrmer.ca\/fr\/garantie\/","title":{"rendered":"Garantie"},"content":{"rendered":"<section id=\"block-61814aa03659b\" class=\"block hero-secondary\" style=\"background-image: url(https:\/\/deutzfahrmer.ca\/app\/uploads\/2021\/11\/Image_Header_Warranty-min.jpg);\">\n    <div class=\"container\">\n        <div class=\"hero-secondary-inner\">\n                        <h1>Garantie<\/h1>\n\n            <div class=\"tags-wrapper\">\n                            <\/div>\n        <\/div>\n    <\/div>\n            <div class=\"opacity-filter\" style=\"opacity: 0.8\"><\/div>\n    <\/section><section id=\"block-64d2e92875182\" class=\"block content-2-col\">\n            <div class=\"background-title-wrapper\">\n            <div class=\"background-title\">Garantie<\/div>\n        <\/div>\n        <div class=\"container\">\n        <div class=\"content-2-col-inner\" >\n            <div class=\"top\">\n                <div class=\"left-column\">\n                    <h2>D\u00c9COUVREZ NOS SOLUTIONS DE GARANTIE POUR LES TRACTEURS<\/h2>\n\n                    <p>Nous comprenons le r\u00f4le essentiel que jouent les tracteurs dans vos op\u00e9rations agricoles, et nos options de garantie compl\u00e8tes sont con\u00e7ues pour vous offrir la confiance et la s\u00e9curit\u00e9 n\u00e9cessaires pour maintenir le bon fonctionnement de votre \u00e9quipement et la prosp\u00e9rit\u00e9 de vos champs.<\/p>\n<p>Pour des informations d\u00e9taill\u00e9es et une assistance personnalis\u00e9e, nous vous encourageons \u00e0 vous mettre en contact avec votre concessionnaire agr\u00e9\u00e9 local.<\/p>\n\n                <\/div>\n                <div class=\"right-column\">\n                    <div class=\"image-wrapper\"><div class=\"image image--fill \">\n\t\t\t\t<div class=\"frame\">\n\t\t\t\t\t<picture>\n\t\t\t\t\t\t<source srcset=\"https:\/\/deutzfahrmer.ca\/app\/uploads\/2023\/05\/deutz-fahr-canada-10-reasons-brand.webp\" type=\"image\/webp\"\/>\n\t\t\t\t\t\t<img decoding=\"async\" src=\"https:\/\/deutzfahrmer.ca\/app\/uploads\/2023\/05\/deutz-fahr-canada-10-reasons-brand.webp\">\n\t\t\t\t\t<\/picture>\n\t\t\t\t<\/div>\n\t\t\t<\/div><\/div>\n                    <div class=\"links-wrapper\">\n                        <div class=\"links-wrapper-inner\">\n                                                                                                            <\/div>\n                    <\/div>\n                <\/div>\n            <\/div>\n            <div class=\"bottom\">\n                <div class=\"left-column\"><p><strong>1. Couverture de la garantie standard<\/strong><br \/>\nNotre garantie standard offre une protection essentielle pour votre tracteur agricole, couvrant les composants cl\u00e9s et les syst\u00e8mes contre les d\u00e9fauts de fabrication. Conduisez en toute tranquillit\u00e9 en sachant que vous b\u00e9n\u00e9ficiez de notre assurance qualit\u00e9.<\/p>\n<p><strong>2. Protection du groupe motopropulseur<\/strong><br \/>\nAssurez la protection du c\u0153ur de votre tracteur avec notre garantie du groupe motopropulseur. Cette couverture compl\u00e8te s&#8217;\u00e9tend au moteur, \u00e0 la transmission et \u00e0 d&#8217;autres composants critiques du syst\u00e8me de transmission, r\u00e9duisant ainsi les temps d&#8217;arr\u00eat et les co\u00fbts de r\u00e9paration.<\/p>\n<p><strong>3. Plans de garantie prolong\u00e9e<\/strong><br \/>\nAm\u00e9liorez votre couverture de garantie avec nos plans prolong\u00e9s. Ces options vous offrent la flexibilit\u00e9 d&#8217;\u00e9tendre votre protection au-del\u00e0 de la p\u00e9riode de garantie standard, garantissant ainsi la protection \u00e0 long terme de votre tracteur.<\/p>\n<p><strong>4. Forfaits d&#8217;entretien<\/strong><br \/>\nAm\u00e9liorez la long\u00e9vit\u00e9 et les performances de votre tracteur avec nos forfaits d&#8217;entretien. Ces plans peuvent couvrir l&#8217;entretien de routine et la maintenance pr\u00e9ventive, vous aidant ainsi \u00e0 \u00e9viter d&#8217;\u00e9ventuels probl\u00e8mes et \u00e0 assurer une productivit\u00e9 optimale.<\/p>\n<p><strong>5. Support technologique<\/strong><br \/>\nLes tracteurs modernes sont souvent \u00e9quip\u00e9s de technologies avanc\u00e9es et d&#8217;\u00e9lectronique. Nos solutions de garantie peuvent \u00e9galement inclure une couverture pour ces composants, garantissant que vos syst\u00e8mes d&#8217;agriculture de pr\u00e9cision et vos fonctionnalit\u00e9s de connectivit\u00e9 sont toujours op\u00e9rationnels.<\/p>\n<\/div>\n                <div class=\"right-column\"><h3>POURQUOI CHOISIR NOS SOLUTIONS DE GARANTIE POUR LES TRACTEURS<\/h3>\n<p><strong>Expertise personnalis\u00e9e<\/strong> : Nous nous sp\u00e9cialisons dans l&#8217;\u00e9quipement agricole, et nos solutions de garantie sont sp\u00e9cifiquement con\u00e7ues pour r\u00e9pondre aux besoins uniques et aux d\u00e9fis de la possession d&#8217;un tracteur.<\/p>\n<p><strong>R\u00e9seau de concessionnaires locaux<\/strong> : Notre r\u00e9seau de concessionnaires locaux est votre lien direct vers l&#8217;information et l&#8217;assistance. Connectez-vous avec eux pour explorer l&#8217;ensemble des options de garantie, recevoir des recommandations personnalis\u00e9es et prendre des d\u00e9cisions \u00e9clair\u00e9es.<\/p>\n<p><strong>Support rapide<\/strong> : En cas de panne ou de dysfonctionnement, notre \u00e9quipe de support d\u00e9di\u00e9e est pr\u00eate \u00e0 fournir une assistance rapide et efficace. Nous comprenons l&#8217;urgence de maintenir votre \u00e9quipement op\u00e9rationnel pendant les saisons agricoles critiques.<\/p>\n<p><strong>Pi\u00e8ces d&#8217;origine<\/strong> : Soyez assur\u00e9 que nos solutions de garantie privil\u00e9gient l&#8217;utilisation de pi\u00e8ces d&#8217;origine approuv\u00e9es par le fabricant, garantissant l&#8217;int\u00e9grit\u00e9 et la fiabilit\u00e9 des r\u00e9parations de votre tracteur.<\/p>\n<p>Contactez d\u00e8s aujourd&#8217;hui votre concessionnaire agr\u00e9\u00e9 local pour d\u00e9couvrir comment nos options de garantie pour les tracteurs peuvent vous aider \u00e0 maximiser vos op\u00e9rations agricoles tout en minimisant les temps d&#8217;arr\u00eat et les d\u00e9penses. Votre succ\u00e8s est notre priorit\u00e9, et nous sommes l\u00e0 pour vous soutenir \u00e0 chaque \u00e9tape du processus.<\/p>\n<\/div>\n            <\/div>\n        <\/div>\n    <\/div>\n<\/section>","protected":false},"excerpt":{"rendered":"","protected":false},"author":2,"featured_media":0,"parent":0,"menu_order":4,"comment_status":"closed","ping_status":"closed","template":"","meta":{"_acf_changed":false,"inline_featured_image":false,"_monsterinsights_skip_tracking":false,"_monsterinsights_sitenote_active":false,"_monsterinsights_sitenote_note":"","_monsterinsights_sitenote_category":0,"footnotes":""},"class_list":["post-1394","page","type-page","status-publish","hentry"],"acf":[],"_links":{"self":[{"href":"https:\/\/deutzfahrmer.ca\/fr\/wp-json\/wp\/v2\/pages\/1394","targetHints":{"allow":["GET"]}}],"collection":[{"href":"https:\/\/deutzfahrmer.ca\/fr\/wp-json\/wp\/v2\/pages"}],"about":[{"href":"https:\/\/deutzfahrmer.ca\/fr\/wp-json\/wp\/v2\/types\/page"}],"author":[{"embeddable":true,"href":"https:\/\/deutzfahrmer.ca\/fr\/wp-json\/wp\/v2\/users\/2"}],"replies":[{"embeddable":true,"href":"https:\/\/deutzfahrmer.ca\/fr\/wp-json\/wp\/v2\/comments?post=1394"}],"version-history":[{"count":1,"href":"https:\/\/deutzfahrmer.ca\/fr\/wp-json\/wp\/v2\/pages\/1394\/revisions"}],"predecessor-version":[{"id":1395,"href":"https:\/\/deutzfahrmer.ca\/fr\/wp-json\/wp\/v2\/pages\/1394\/revisions\/1395"}],"wp:attachment":[{"href":"https:\/\/deutzfahrmer.ca\/fr\/wp-json\/wp\/v2\/media?parent=1394"}],"curies":[{"name":"wp","href":"https:\/\/api.w.org\/{rel}","templated":true}]}}