{"id":1398,"date":"2021-11-02T13:51:36","date_gmt":"2021-11-02T13:51:36","guid":{"rendered":"https:\/\/deutzfahrmer.ca\/wp\/pieces-et-services\/"},"modified":"2023-09-27T18:41:39","modified_gmt":"2023-09-27T18:41:39","slug":"pieces-et-services","status":"publish","type":"page","link":"https:\/\/deutzfahrmer.ca\/fr\/pieces-et-services\/","title":{"rendered":"Pi\u00e8ces et services"},"content":{"rendered":"<section id=\"block-6181447c8cad8\" class=\"block hero-secondary\" style=\"background-image: url(https:\/\/deutzfahrmer.ca\/app\/uploads\/2021\/11\/Image_Header_PartsServices-min.jpg);\">\n    <div class=\"container\">\n        <div class=\"hero-secondary-inner\">\n                            <div class=\"link-wrapper\">\n                    <svg width=\"7\" height=\"11\" viewBox=\"0 0 7 11\" fill=\"none\" xmlns=\"http:\/\/www.w3.org\/2000\/svg\">\n<path d=\"M5.00005 10.4999L6.41846 9.08148L2.83692 5.49994L6.41846 1.91841L5.00005 0.5L0.000100871 5.49994L5.00005 10.4999Z\" fill=\"white\"\/>\n<\/svg>\n\n                    <a href=\"https:\/\/deutzfahrmer.ca\/wp\/contact\/\" class=\"link\">Contact<\/a>\n                <\/div>\n                        <h1>Pi\u00e8ces et services<\/h1>\n<p>Chez MRG Canada, nous donnons la priorit\u00e9 \u00e0 la fourniture rapide de pi\u00e8ces de rechange de haute qualit\u00e9 \u00e0 nos pr\u00e9cieux clients.<\/p>\n<p>Notre philosophie est simple :<\/p>\n<ul>\n<li>&#8211; Livraison rapide et pr\u00e9cise des pi\u00e8ces command\u00e9es.<\/li>\n<li>&#8211; Offre uniquement de pi\u00e8ces d&#8217;origine du fabricant.<\/li>\n<li>&#8211; Des prix comp\u00e9titifs, afin que vous obteniez des pi\u00e8ces authentiques sans compromettre la qualit\u00e9.<\/li>\n<\/ul>\n\n            <div class=\"tags-wrapper\">\n                            <\/div>\n        <\/div>\n    <\/div>\n            <div class=\"opacity-filter\" style=\"opacity: 0.6\"><\/div>\n    <\/section><section id=\"block-64bea1907bf41\" class=\"block content-2-col\">\n            <div class=\"background-title-wrapper\">\n            <div class=\"background-title\">Pi\u00e8ces et services<\/div>\n        <\/div>\n        <div class=\"container\">\n        <div class=\"content-2-col-inner\" >\n            <div class=\"top\">\n                <div class=\"left-column\">\n                    <h2>POURQUOI CHOISIR DES PI\u00c8CES D&#8217;ORIGINE ?<\/h2>\n<p>Nous recommandons vivement l&#8217;utilisation de pi\u00e8ces authentiques pour les avantages suivants :<\/p>\n<ul>\n<li>&#8211; Fiabilit\u00e9<\/li>\n<li>&#8211; Adaptabilit\u00e9 parfaite<\/li>\n<li>&#8211; Fabrication selon les normes du fabricant<\/li>\n<li>&#8211; Contr\u00f4le de qualit\u00e9<\/li>\n<li>&#8211; Maintien de la configuration d&#8217;origine de votre tracteur<\/li>\n<\/ul>\n\n                    \n                <\/div>\n                <div class=\"right-column\">\n                    <div class=\"image-wrapper\"><div class=\"image image--fill \">\n\t\t\t\t<div class=\"frame\">\n\t\t\t\t\t<picture>\n\t\t\t\t\t\t<source srcset=\"https:\/\/deutzfahrmer.ca\/app\/uploads\/2023\/05\/timthumb_3_ByQ6KuS.webp\" type=\"image\/webp\"\/>\n\t\t\t\t\t\t<img decoding=\"async\" src=\"https:\/\/deutzfahrmer.ca\/app\/uploads\/2023\/05\/timthumb_3_ByQ6KuS.webp\">\n\t\t\t\t\t<\/picture>\n\t\t\t\t<\/div>\n\t\t\t<\/div><\/div>\n                    <div class=\"links-wrapper\">\n                        <div class=\"links-wrapper-inner\">\n                                                                                                            <\/div>\n                    <\/div>\n                <\/div>\n            <\/div>\n            <div class=\"bottom\">\n                <div class=\"left-column\"><h2>OPTER TOUJOURS POUR DES PI\u00c8CES DE RECHANGE ORIGINALES !<\/h2>\n<p>Demandez \u00e0 votre concessionnaire des pi\u00e8ces de rechange d&#8217;origine. Notre syst\u00e8me bien organis\u00e9 garantit une livraison rapide et pr\u00e9cise, gr\u00e2ce \u00e0 notre vaste r\u00e9seau de concessionnaires et \u00e0 notre personnel exp\u00e9riment\u00e9.<\/p>\n<\/div>\n                <div class=\"right-column\"><h2>NOUS MAINTENONS VOTRE \u00c9QUIPEMENT EN BON \u00c9TAT DE FONCTIONNEMENT<\/h2>\n<p>Comptez sur MRG Canada pour des pi\u00e8ces authentiques et une assistance experte. Notre \u00e9quipe d\u00e9vou\u00e9e veille \u00e0 ce que votre machinerie agricole fonctionne au mieux pour le long terme.<\/p>\n<\/div>\n            <\/div>\n        <\/div>\n    <\/div>\n<\/section><section id=\"block-64d2e6ef231fe\" class=\"block promotional-banner-presentation-blog-combo\">\n    <div class=\"left-column\">\n        <section class=\"block promotional-banner\">\n    <div class=\"container\">\n        <div class=\"promotional-banner-inner\">\n            <div class=\"image-wrapper\">\n                <div class=\"image-wrapper-inner\"><div class=\"image image--fill \">\n\t\t\t\t<div class=\"frame\">\n\t\t\t\t\t<picture>\n\t\t\t\t\t\t<source srcset=\"https:\/\/deutzfahrmer.ca\/app\/uploads\/2021\/08\/Image_FindDealer.webp\" type=\"image\/webp\"\/>\n\t\t\t\t\t\t<img decoding=\"async\" src=\"https:\/\/deutzfahrmer.ca\/app\/uploads\/2021\/08\/Image_FindDealer.webp\">\n\t\t\t\t\t<\/picture>\n\t\t\t\t<\/div>\n\t\t\t<\/div><\/div>\n            <\/div>\n            <div class=\"pin-wrapper\">\n                <svg width=\"182\" height=\"258\" viewBox=\"0 0 182 258\" fill=\"none\" xmlns=\"http:\/\/www.w3.org\/2000\/svg\">\n<path d=\"M15.3436 140.766L15.3416 140.763C5.63216 126.039 0.5 108.9 0.5 91.207C0.5 41.4636 41.0244 0.5 90.8343 0.5C140.644 0.5 181.169 41.4636 181.169 91.207C181.169 108.9 176.036 126.039 166.327 140.763L166.325 140.766L90.8343 257.082L15.3436 140.766ZM44.9172 91.207C44.9172 116.492 65.5144 137.059 90.8343 137.059C116.154 137.059 136.751 116.492 136.751 91.207C136.751 65.9291 116.161 44.8516 90.8343 44.8516C65.5072 44.8516 44.9172 65.9291 44.9172 91.207Z\" stroke=\"black\" stroke-opacity=\"0.22\"\/>\n<\/svg>\n\n            <\/div>\n            <div class=\"content-wrapper\">\n                <h2>Trouvez un concessionnaire<\/h2>\n<p>dans votre province<\/p>\n\n                                    <a class=\"button button__transparent-white\" href=\"https:\/\/deutzfahrmer.ca\/wp\/find-a-dealer\/\">TROUVEZ<\/a>\n                            <\/div>\n        <\/div>\n    <\/div>\n<\/section>\n    <\/div>\n    <div class=\"right-column\">\n        <!--[custom-facebook-feed feed=1]-->\n        \n    <\/div>\n<\/section>","protected":false},"excerpt":{"rendered":"","protected":false},"author":2,"featured_media":0,"parent":0,"menu_order":6,"comment_status":"closed","ping_status":"closed","template":"","meta":{"_acf_changed":false,"inline_featured_image":false,"_monsterinsights_skip_tracking":false,"_monsterinsights_sitenote_active":false,"_monsterinsights_sitenote_note":"","_monsterinsights_sitenote_category":0,"footnotes":""},"class_list":["post-1398","page","type-page","status-publish","hentry"],"acf":[],"_links":{"self":[{"href":"https:\/\/deutzfahrmer.ca\/fr\/wp-json\/wp\/v2\/pages\/1398","targetHints":{"allow":["GET"]}}],"collection":[{"href":"https:\/\/deutzfahrmer.ca\/fr\/wp-json\/wp\/v2\/pages"}],"about":[{"href":"https:\/\/deutzfahrmer.ca\/fr\/wp-json\/wp\/v2\/types\/page"}],"author":[{"embeddable":true,"href":"https:\/\/deutzfahrmer.ca\/fr\/wp-json\/wp\/v2\/users\/2"}],"replies":[{"embeddable":true,"href":"https:\/\/deutzfahrmer.ca\/fr\/wp-json\/wp\/v2\/comments?post=1398"}],"version-history":[{"count":1,"href":"https:\/\/deutzfahrmer.ca\/fr\/wp-json\/wp\/v2\/pages\/1398\/revisions"}],"predecessor-version":[{"id":1399,"href":"https:\/\/deutzfahrmer.ca\/fr\/wp-json\/wp\/v2\/pages\/1398\/revisions\/1399"}],"wp:attachment":[{"href":"https:\/\/deutzfahrmer.ca\/fr\/wp-json\/wp\/v2\/media?parent=1398"}],"curies":[{"name":"wp","href":"https:\/\/api.w.org\/{rel}","templated":true}]}}