{"id":1402,"date":"2021-08-18T19:53:15","date_gmt":"2021-08-18T19:53:15","guid":{"rendered":"https:\/\/deutzfahrmer.ca\/wp\/pourquoi-deutz-fahr\/"},"modified":"2023-10-03T12:06:34","modified_gmt":"2023-10-03T12:06:34","slug":"pourquoi-deutz-fahr","status":"publish","type":"page","link":"https:\/\/deutzfahrmer.ca\/fr\/pourquoi-deutz-fahr\/","title":{"rendered":"Pourquoi Deutz-Fahr?"},"content":{"rendered":"<section id=\"block-61814b2eb551c\" class=\"block hero-secondary\" style=\"background-image: url(https:\/\/deutzfahrmer.ca\/app\/uploads\/2023\/05\/deutz-fahr-canada-10-reasons-cover-1.jpg);\">\n    <div class=\"container\">\n        <div class=\"hero-secondary-inner\">\n                        <h1>10 RAISONS DE<br \/>\nCHOISIR DEUTZ-FAHR<\/h1>\n\n            <div class=\"tags-wrapper\">\n                            <\/div>\n        <\/div>\n    <\/div>\n            <div class=\"opacity-filter\" style=\"opacity: 0.5\"><\/div>\n    <\/section>\n\n<section id=\"block-61815f33d696d\" class=\"block content-2-col\">\n            <div class=\"background-title-wrapper\">\n            <div class=\"background-title\">PERFORMANCE<\/div>\n        <\/div>\n        <div class=\"container\">\n        <div class=\"content-2-col-inner\" >\n            <div class=\"top\">\n                <div class=\"left-column\">\n                    <h2>#1<br \/>\nPERFORMANCE ET FIABILIT\u00c9<\/h2>\n\n                    <p>Les tracteurs Deutz-Fahr sont connus pour leurs performances exceptionnelles et leur fiabilit\u00e9. La marque utilise une technologie avanc\u00e9e pour concevoir des tracteurs efficaces et puissants.<\/p>\n\n                <\/div>\n                <div class=\"right-column\">\n                    <div class=\"image-wrapper\"><div class=\"image image--fill \">\n\t\t\t\t<div class=\"frame\">\n\t\t\t\t\t<picture>\n\t\t\t\t\t\t<source srcset=\"https:\/\/deutzfahrmer.ca\/app\/uploads\/2023\/05\/deutz-fahr-canada-10-reasons-performance.webp\" type=\"image\/webp\"\/>\n\t\t\t\t\t\t<img decoding=\"async\" src=\"https:\/\/deutzfahrmer.ca\/app\/uploads\/2023\/05\/deutz-fahr-canada-10-reasons-performance.webp\">\n\t\t\t\t\t<\/picture>\n\t\t\t\t<\/div>\n\t\t\t<\/div><\/div>\n                    <div class=\"links-wrapper\">\n                        <div class=\"links-wrapper-inner\">\n                                                            <a href=\"https:\/\/deutzfahrmer.ca\/fr\/demandez-une-soumission\/\" class=\"button button__white\">Demandez une soumission<\/a>\n                                                            <a href=\"https:\/\/deutzfahrmer.ca\/fr\/trouvez-un-concessionnaire\/\" class=\"button button__transparent-white\">Trouvez un concessionnaire<\/a>\n                                                                                                            <\/div>\n                    <\/div>\n                <\/div>\n            <\/div>\n            <div class=\"bottom\">\n                <div class=\"left-column\"><h2>#2<br \/>\nCONFORT ET ERGONOMIE<\/h2>\n<p>Les tracteurs Deutz-Fahr sont con\u00e7us pour offrir un haut niveau de confort avec des si\u00e8ges confortables, des commandes intuitives et une excellente visibilit\u00e9 sur le terrain.<\/p>\n<h2>#3<br \/>\nPOLYVALENCE<\/h2>\n<p>Les tracteurs Deutz-Fahr sont con\u00e7us pour \u00eatre polyvalents, capables de g\u00e9rer une vari\u00e9t\u00e9 de t\u00e2ches agricoles telles que la culture, la r\u00e9colte, l&#8217;irrigation, l&#8217;\u00e9levage et bien plus encore.<\/p>\n<\/div>\n                <div class=\"right-column\"><h2>#4<br \/>\nSERVICE APR\u00c8S-VENTE<\/h2>\n<p>Deutz-Fahr propose un excellent service apr\u00e8s-vente, avec un r\u00e9seau de concessionnaires et de centres de service dans le monde entier, ainsi que des programmes d&#8217;assistance pour aider les clients \u00e0 r\u00e9soudre rapidement les probl\u00e8mes et \u00e0 entretenir leurs machines.<\/p>\n<h2>#5<br \/>\nDURABILIT\u00c9 ET LONG\u00c9VIT\u00c9<\/h2>\n<p>Deutz-Fahr s&#8217;engage envers la durabilit\u00e9 et la protection de l&#8217;environnement, en utilisant une technologie avanc\u00e9e pour r\u00e9duire les \u00e9missions et la consommation de carburant, ainsi que des mat\u00e9riaux de haute qualit\u00e9 pour assurer la long\u00e9vit\u00e9 de leurs machines.<\/p>\n<\/div>\n            <\/div>\n        <\/div>\n    <\/div>\n<\/section>\n\n    <section id=\"block-61816051d696e\" class=\"block list-content-indent list-content-indent__theme-dark\">\n        <div class=\"container\">\n            <div class=\"list-content-indent-inner\">\n                                    <div class=\"list-item list-item__alignement-left\" >\n                        <div class=\"left-column\">\n                            <div class=\"image-wrapper\">\n                                <div class=\"image image--fill \">\n\t\t\t\t<div class=\"frame\">\n\t\t\t\t\t<picture>\n\t\t\t\t\t\t<source srcset=\"https:\/\/deutzfahrmer.ca\/app\/uploads\/2023\/05\/deutz-fahr-canada-10-reasons-safety.webp\" type=\"image\/webp\"\/>\n\t\t\t\t\t\t<img decoding=\"async\" src=\"https:\/\/deutzfahrmer.ca\/app\/uploads\/2023\/05\/deutz-fahr-canada-10-reasons-safety.webp\">\n\t\t\t\t\t<\/picture>\n\t\t\t\t<\/div>\n\t\t\t<\/div>\n                            <\/div>\n                        <\/div>\n                        <div class=\"right-column\">\n                            <div class=\"title-wrapper\"><\/div>\n                            <div class=\"content-wrapper\"><h2>#6<br \/>\nINNOVATION ET TECHNOLOGIE<\/h2>\n<p>Deutz-Fahr innove constamment et utilise une technologie avanc\u00e9e pour am\u00e9liorer ses produits et rester en avance sur la concurrence.<\/p>\n<h2>#7<br \/>\nEFFICACIT\u00c9 \u00c9NERG\u00c9TIQUE<\/h2>\n<p>Les tracteurs Deutz-Fahr sont con\u00e7us pour \u00eatre \u00e9conomes en carburant, ce qui vous permet d&#8217;\u00e9conomiser de l&#8217;argent sur les co\u00fbts de carburant \u00e0 long terme.<\/p>\n<h2>#8<br \/>\nS\u00c9CURIT\u00c9<\/h2>\n<p>Les tracteurs Deutz-Fahr sont con\u00e7us en pensant \u00e0 la s\u00e9curit\u00e9, avec des fonctionnalit\u00e9s telles que des syst\u00e8mes de protection anti-retournement et des cabines de s\u00e9curit\u00e9 pour prot\u00e9ger l&#8217;op\u00e9rateur.<\/p>\n<\/div>\n                        <\/div>\n                    <\/div>\n                            <\/div>\n        <\/div>\n    <\/section>\n\n\n    <section id=\"block-645d0119cdd35\" class=\"block list-content-indent list-content-indent__theme-pale\">\n        <div class=\"container\">\n            <div class=\"list-content-indent-inner\">\n                                    <div class=\"list-item list-item__alignement-right\" >\n                        <div class=\"left-column\">\n                            <div class=\"image-wrapper\">\n                                <div class=\"image image--fill \">\n\t\t\t\t<div class=\"frame\">\n\t\t\t\t\t<picture>\n\t\t\t\t\t\t<source srcset=\"https:\/\/deutzfahrmer.ca\/app\/uploads\/2023\/05\/deutz-fahr-canada-10-reasons-brand.webp\" type=\"image\/webp\"\/>\n\t\t\t\t\t\t<img decoding=\"async\" src=\"https:\/\/deutzfahrmer.ca\/app\/uploads\/2023\/05\/deutz-fahr-canada-10-reasons-brand.webp\">\n\t\t\t\t\t<\/picture>\n\t\t\t\t<\/div>\n\t\t\t<\/div>\n                            <\/div>\n                        <\/div>\n                        <div class=\"right-column\">\n                            <div class=\"title-wrapper\"><\/div>\n                            <div class=\"content-wrapper\"><h2>#9 VALEUR DE REVENTE<\/h2>\n<p>Les tracteurs Deutz-Fahr conservent bien leur valeur au fil du temps, ce qui en fait un bon investissement \u00e0 long terme.<\/p>\n<h2>#10 R\u00c9PUTATION DE LA MARQUE<\/h2>\n<p>Deutz-Fahr jouit d&#8217;une solide r\u00e9putation en mati\u00e8re de qualit\u00e9 et de fiabilit\u00e9, ce qui en fait un choix de confiance pour les agriculteurs et les propri\u00e9taires terriens du monde entier.<\/p>\n<\/div>\n                        <\/div>\n                    <\/div>\n                            <\/div>\n        <\/div>\n    <\/section>\n","protected":false},"excerpt":{"rendered":"","protected":false},"author":1,"featured_media":0,"parent":0,"menu_order":9,"comment_status":"closed","ping_status":"closed","template":"","meta":{"_acf_changed":false,"inline_featured_image":false,"_monsterinsights_skip_tracking":false,"_monsterinsights_sitenote_active":false,"_monsterinsights_sitenote_note":"","_monsterinsights_sitenote_category":0,"footnotes":""},"class_list":["post-1402","page","type-page","status-publish","hentry"],"acf":[],"_links":{"self":[{"href":"https:\/\/deutzfahrmer.ca\/fr\/wp-json\/wp\/v2\/pages\/1402","targetHints":{"allow":["GET"]}}],"collection":[{"href":"https:\/\/deutzfahrmer.ca\/fr\/wp-json\/wp\/v2\/pages"}],"about":[{"href":"https:\/\/deutzfahrmer.ca\/fr\/wp-json\/wp\/v2\/types\/page"}],"author":[{"embeddable":true,"href":"https:\/\/deutzfahrmer.ca\/fr\/wp-json\/wp\/v2\/users\/1"}],"replies":[{"embeddable":true,"href":"https:\/\/deutzfahrmer.ca\/fr\/wp-json\/wp\/v2\/comments?post=1402"}],"version-history":[{"count":3,"href":"https:\/\/deutzfahrmer.ca\/fr\/wp-json\/wp\/v2\/pages\/1402\/revisions"}],"predecessor-version":[{"id":1481,"href":"https:\/\/deutzfahrmer.ca\/fr\/wp-json\/wp\/v2\/pages\/1402\/revisions\/1481"}],"wp:attachment":[{"href":"https:\/\/deutzfahrmer.ca\/fr\/wp-json\/wp\/v2\/media?parent=1402"}],"curies":[{"name":"wp","href":"https:\/\/api.w.org\/{rel}","templated":true}]}}