{"id":1404,"date":"2021-08-18T19:37:02","date_gmt":"2021-08-18T19:37:02","guid":{"rendered":"https:\/\/deutzfahrmer.ca\/wp\/demandez-une-soumission\/"},"modified":"2023-09-27T18:54:08","modified_gmt":"2023-09-27T18:54:08","slug":"demandez-une-soumission","status":"publish","type":"page","link":"https:\/\/deutzfahrmer.ca\/fr\/demandez-une-soumission\/","title":{"rendered":"Demandez une soumission"},"content":{"rendered":"<section id=\"block-64bea3adbb233\" class=\"block hero-secondary\" style=\"background-image: url(https:\/\/deutzfahrmer.ca\/app\/uploads\/2023\/05\/deutz-fahr-canada-10-reasons-cover-1.jpg);\">\n    <div class=\"container\">\n        <div class=\"hero-secondary-inner\">\n                        <h1>Demandez une soumission<\/h1>\n<p>Nous comprenons que chaque exploitation agricole est unique, et nous nous engageons \u00e0 personnaliser nos solutions pour r\u00e9pondre \u00e0 vos besoins sp\u00e9cifiques.<\/p>\n<p>Que vous souhaitiez acheter des \u00e9quipements de pointe, des pi\u00e8ces de rechange ou des services, notre \u00e9quipe d&#8217;experts est impatiente de vous fournir un devis personnalis\u00e9 qui correspond parfaitement \u00e0 votre budget et \u00e0 vos objectifs.<\/p>\n<p>Remplissez le formulaire ci-dessous et laissez un concessionnaire agr\u00e9\u00e9 vous contacter avec des informations sur les prix et les produits.<\/p>\n\n            <div class=\"tags-wrapper\">\n                            <\/div>\n        <\/div>\n    <\/div>\n            <div class=\"opacity-filter\" style=\"opacity: 0.8\"><\/div>\n    <\/section><section id=\"block-61eacff29e85c\" class=\"block content-form\">\n    <div class=\"container\">\n        <div class=\"content-form-inner\">\n            <div class=\"title-wrapper\"><\/div>\n            <div class=\"form-wrapper\">\n<div class=\"wpcf7 no-js\" id=\"wpcf7-f1431-o1\" lang=\"fr-FR\" dir=\"ltr\" data-wpcf7-id=\"1431\">\n<div class=\"screen-reader-response\"><p role=\"status\" aria-live=\"polite\" aria-atomic=\"true\"><\/p> <ul><\/ul><\/div>\n<form action=\"\/fr\/wp-json\/wp\/v2\/pages\/1404#wpcf7-f1431-o1\" method=\"post\" class=\"wpcf7-form init 745e23ce95d8 cmatic-conn cmatic-aud-0 cmatic-mapd0-0 cmatic-v0978 cmatic-sent-0 cmatic-total-48\" aria-label=\"Contact form\" novalidate=\"novalidate\" data-status=\"init\">\n<fieldset class=\"hidden-fields-container\"><input type=\"hidden\" name=\"_wpcf7\" value=\"1431\" \/><input type=\"hidden\" name=\"_wpcf7_version\" value=\"6.1.5\" \/><input type=\"hidden\" name=\"_wpcf7_locale\" value=\"fr_FR\" \/><input type=\"hidden\" name=\"_wpcf7_unit_tag\" value=\"wpcf7-f1431-o1\" \/><input type=\"hidden\" name=\"_wpcf7_container_post\" value=\"0\" \/><input type=\"hidden\" name=\"_wpcf7_posted_data_hash\" value=\"\" \/>\n<\/fieldset>\n<div class=\"form\">\n    <div class=\"form-block\">\n        <h2>Quelle solution ou quel mod\u00e8le vous int\u00e9resse ?<\/h2>\n        <div class=\"form-row\">\n            <div class=\"form-field\">\n                <label for=\"solution\">SOLUTION<\/label>\n                <span class=\"wpcf7-form-control-wrap\" data-name=\"solution\"><select class=\"wpcf7-form-control wpcf7-select\" aria-invalid=\"false\" name=\"solution\"><option value=\"\">&#8212;Please choose an option&#8212;<\/option><option value=\"Agriculture intelligente\">Agriculture intelligente<\/option><option value=\"D\u00e9neigement\">D\u00e9neigement<\/option><option value=\"Commercial\">Commercial<\/option><option value=\"Municipalit\u00e9s\">Municipalit\u00e9s<\/option><option value=\"Foresterie\">Foresterie<\/option><\/select><\/span>\n            <\/div>\n            <div class=\"form-field\">\n                <label for=\"serie\">SERIE *<\/label>\n                <span class=\"wpcf7-form-control-wrap\" data-name=\"serie\"><select class=\"wpcf7-form-control wpcf7-select wpcf7-validates-as-required\" aria-required=\"true\" aria-invalid=\"false\" name=\"serie\"><option value=\"\">&#8212;Please choose an option&#8212;<\/option><option value=\"S\u00c9RIE 9\">S\u00c9RIE 9<\/option><option value=\"8280 TTV\">8280 TTV<\/option><option value=\"S\u00c9RIE 7 TTV\">S\u00c9RIE 7 TTV<\/option><option value=\"6 TTV SERIES\">6 TTV SERIES<\/option><option value=\"S\u00c9RIE 6\">S\u00c9RIE 6<\/option><option value=\"S\u00c9RIE 6C\">S\u00c9RIE 6C<\/option><option value=\"S\u00c9RIE 5D KEYLINE\">S\u00c9RIE 5D KEYLINE<\/option><option value=\"S\u00c9RIE 5G\">S\u00c9RIE 5G<\/option><option value=\"S\u00c9RIE 4E\">S\u00c9RIE 4E<\/option><option value=\"S\u00c9RIE 5G TB\">S\u00c9RIE 5G TB<\/option><option value=\"S\u00c9RIE 3\">S\u00c9RIE 3<\/option><option value=\"S\u00c9RIE 5 DS \/ DV \/ DF \/ DF ECOLINE\">S\u00c9RIE 5 DS \/ DV \/ DF \/ DF ECOLINE<\/option><\/select><\/span>\n            <\/div>\n        <\/div>\n        <div class=\"form-row\">\n            <div class=\"form-field\">\n                <label for=\"number\">NOMBRE D&#8217;UNIT\u00c9S *<\/label>\n                <span class=\"wpcf7-form-control-wrap\" data-name=\"number\"><input class=\"wpcf7-form-control wpcf7-number wpcf7-validates-as-required wpcf7-validates-as-number\" aria-required=\"true\" aria-invalid=\"false\" value=\"\" type=\"number\" name=\"number\" \/><\/span>\n            <\/div>\n        <\/div>\n    <\/div>\n    <div class=\"form-block\">\n        <h2>Veuillez indiquer vos besoins sp\u00e9cifiques.<\/h2>\n        <div class=\"form-row\">\n            <div class=\"form-field\">\n                <label for=\"specific-needs\">BESOINS SP\u00c9CIFIQUES<\/label>\n                <span class=\"wpcf7-form-control-wrap\" data-name=\"specific-needs\"><textarea cols=\"40\" rows=\"10\" maxlength=\"2000\" class=\"wpcf7-form-control wpcf7-textarea\" aria-invalid=\"false\" name=\"specific-needs\"><\/textarea><\/span>\n            <\/div>\n        <\/div>\n    <\/div>\n    <div class=\"form-block\">\n        <h2>\u00c0 qui devons-nous envoyer le devis ?<\/h2>\n        <div class=\"form-row\">\n            <div class=\"form-field\">\n                <label for=\"firstName\">PR\u00c9NOM *<\/label>\n                <span class=\"wpcf7-form-control-wrap\" data-name=\"firstName\"><input size=\"40\" maxlength=\"400\" class=\"wpcf7-form-control wpcf7-text wpcf7-validates-as-required\" aria-required=\"true\" aria-invalid=\"false\" value=\"\" type=\"text\" name=\"firstName\" \/><\/span>\n            <\/div>\n            <div class=\"form-field\">\n                <label for=\"lastName\">NOM *<\/label>\n                <span class=\"wpcf7-form-control-wrap\" data-name=\"lastName\"><input size=\"40\" maxlength=\"400\" class=\"wpcf7-form-control wpcf7-text wpcf7-validates-as-required\" aria-required=\"true\" aria-invalid=\"false\" value=\"\" type=\"text\" name=\"lastName\" \/><\/span>\n            <\/div>\n        <\/div>\n        <div class=\"form-row\">\n            <div class=\"form-field\">\n                <label for=\"email\">EMAIL *<\/label>\n                <span class=\"wpcf7-form-control-wrap\" data-name=\"email\"><input size=\"40\" maxlength=\"400\" class=\"wpcf7-form-control wpcf7-email wpcf7-validates-as-required wpcf7-text wpcf7-validates-as-email\" aria-required=\"true\" aria-invalid=\"false\" value=\"\" type=\"email\" name=\"email\" \/><\/span>\n            <\/div>\n            <div class=\"form-field\">\n                <label for=\"phone\">T\u00c9L\u00c9PHONE *<\/label>\n                <span class=\"wpcf7-form-control-wrap\" data-name=\"phone\"><input size=\"40\" maxlength=\"400\" class=\"wpcf7-form-control wpcf7-tel wpcf7-validates-as-required wpcf7-text wpcf7-validates-as-tel\" aria-required=\"true\" aria-invalid=\"false\" value=\"\" type=\"tel\" name=\"phone\" \/><\/span>\n            <\/div>\n            <div class=\"form-field\">\n                <label for=\"postalCode\">CODE POSTAL *<\/label>\n                <span class=\"wpcf7-form-control-wrap\" data-name=\"postalCode\"><input size=\"40\" maxlength=\"400\" class=\"wpcf7-form-control wpcf7-text wpcf7-validates-as-required\" aria-required=\"true\" aria-invalid=\"false\" value=\"\" type=\"text\" name=\"postalCode\" \/><\/span>\n            <\/div>\n        <\/div>\n    <\/div>\n    <div class=\"form-actions\">\n<span id=\"wpcf7-69ee84838969e-wrapper\" class=\"wpcf7-form-control-wrap website-44-wrap\" style=\"display:none !important; visibility:hidden !important;\"><label for=\"wpcf7-69ee84838969e-field\" class=\"hp-message\">Please leave this field empty.<\/label><input id=\"wpcf7-69ee84838969e-field\"  class=\"wpcf7-form-control wpcf7-text\" type=\"text\" name=\"website-44\" value=\"\" size=\"40\" tabindex=\"-1\" autocomplete=\"new-password\" \/><\/span>\n        <input class=\"wpcf7-form-control wpcf7-submit has-spinner\" type=\"submit\" value=\"Submit\" \/>\n    <\/div>\n<\/div><div class=\"wpcf7-response-output\" aria-hidden=\"true\"><\/div>\n<\/form>\n<\/div>\n<\/div>\n        <\/div>\n    <\/div>\n<\/section>","protected":false},"excerpt":{"rendered":"","protected":false},"author":1,"featured_media":0,"parent":0,"menu_order":10,"comment_status":"closed","ping_status":"closed","template":"views\/template-menu-opaque.blade.php","meta":{"_acf_changed":false,"inline_featured_image":false,"_monsterinsights_skip_tracking":false,"_monsterinsights_sitenote_active":false,"_monsterinsights_sitenote_note":"","_monsterinsights_sitenote_category":0,"footnotes":""},"class_list":["post-1404","page","type-page","status-publish","hentry"],"acf":[],"_links":{"self":[{"href":"https:\/\/deutzfahrmer.ca\/fr\/wp-json\/wp\/v2\/pages\/1404","targetHints":{"allow":["GET"]}}],"collection":[{"href":"https:\/\/deutzfahrmer.ca\/fr\/wp-json\/wp\/v2\/pages"}],"about":[{"href":"https:\/\/deutzfahrmer.ca\/fr\/wp-json\/wp\/v2\/types\/page"}],"author":[{"embeddable":true,"href":"https:\/\/deutzfahrmer.ca\/fr\/wp-json\/wp\/v2\/users\/1"}],"replies":[{"embeddable":true,"href":"https:\/\/deutzfahrmer.ca\/fr\/wp-json\/wp\/v2\/comments?post=1404"}],"version-history":[{"count":1,"href":"https:\/\/deutzfahrmer.ca\/fr\/wp-json\/wp\/v2\/pages\/1404\/revisions"}],"predecessor-version":[{"id":1405,"href":"https:\/\/deutzfahrmer.ca\/fr\/wp-json\/wp\/v2\/pages\/1404\/revisions\/1405"}],"wp:attachment":[{"href":"https:\/\/deutzfahrmer.ca\/fr\/wp-json\/wp\/v2\/media?parent=1404"}],"curies":[{"name":"wp","href":"https:\/\/api.w.org\/{rel}","templated":true}]}}