{"id":1410,"date":"2021-08-18T19:32:54","date_gmt":"2021-08-18T19:32:54","guid":{"rendered":"https:\/\/deutzfahrmer.ca\/wp\/tracteurs\/"},"modified":"2026-04-14T14:34:00","modified_gmt":"2026-04-14T14:34:00","slug":"tracteurs","status":"publish","type":"page","link":"https:\/\/deutzfahrmer.ca\/fr\/tracteurs\/","title":{"rendered":"Tracteurs"},"content":{"rendered":"<section id=\"block-9b9d529d21654905f70b9a2733298531\" class=\"block hero-secondary\" style=\"background-image: url(https:\/\/deutzfahrmer.ca\/app\/uploads\/2021\/11\/Image_Header_Tractors-min.jpg);\">\n    <div class=\"container\">\n        <div class=\"hero-secondary-inner\">\n                        <h1>Tracteurs Deutz-Fahr<\/h1>\n\n            <div class=\"tags-wrapper\">\n                            <\/div>\n        <\/div>\n    <\/div>\n    <\/section>\n\n    <section id=\"block-0a7844eb332ed5bba5bf0ca9ecfc4fa2\" class=\"block list-entities\">\n        <div class=\"top\">\n            <div class=\"container\">\n                <div class=\"title-wrapper\">\n                    <h2>D\u00e9couvrez nos S\u00e9ries<\/h2>\n\n                <\/div>\n                <div class=\"content-wrapper\">\n                    <p><em><strong>DEUTZ-FAHR<\/strong><\/em> a toujours \u00e9t\u00e9 \u00e0 l&#8217;avant-garde du d\u00e9veloppement de tracteurs intelligents.<\/p>\n\n                <\/div>\n            <\/div>\n        <\/div>\n        <div class=\"bottom\">\n                            <div class=\"background-title-wrapper\">\n                    <div class=\"background-title\">S\u00c9RIES<\/div>\n                <\/div>\n                        <div class=\"container\">\n                <div class=\"list-entities-inner list-display\">\n                    <div class=\"list-wrapper\">\n                                                    <div class=\"list-item list-item__tractor\" id=\"serie-9\">\n                                <a class=\"list-item-inner\" href=\"https:\/\/deutzfahrmer.ca\/fr\/tracteur\/serie-9\/\">\n                                    <div class=\"list-item-image\" style=\"background-image: url(https:\/\/deutzfahrmer.ca\/app\/uploads\/2021\/08\/deutzfahr-canada-tractor_9-series_thumbnail.jpg);\">\n                                        <div class=\"list-item-link\">\n                                            <svg width=\"22\" height=\"22\" viewBox=\"0 0 22 22\" fill=\"none\" xmlns=\"http:\/\/www.w3.org\/2000\/svg\">\n<rect x=\"12\" y=\"1.00003\" width=\"20\" height=\"2\" transform=\"rotate(90 12 1.00003)\" fill=\"white\"\/>\n<rect x=\"21\" y=\"12\" width=\"20\" height=\"2\" transform=\"rotate(-180 21 12)\" fill=\"white\"\/>\n<\/svg>\n\n                                        <\/div>\n                                    <\/div>\n                                    <div class=\"list-item-content\">\n                                        <div class=\"title-wrapper\">S\u00c9RIE 9<\/div>\n\n                                                                                    <div class=\"tagline-wrapper\">295-336 HP : PR\u00caT POUR L&#8217;ACTION<\/div>\n                                                                            <\/div>\n                                <\/a>\n                            <\/div>\n                                                    <div class=\"list-item list-item__tractor\" id=\"8280-ttv\">\n                                <a class=\"list-item-inner\" href=\"https:\/\/deutzfahrmer.ca\/fr\/tracteur\/8280-ttv\/\">\n                                    <div class=\"list-item-image\" style=\"background-image: url(https:\/\/deutzfahrmer.ca\/app\/uploads\/2023\/05\/deutzfahr-canada-tractor_8280-ttv_thumbnail.jpg);\">\n                                        <div class=\"list-item-link\">\n                                            <svg width=\"22\" height=\"22\" viewBox=\"0 0 22 22\" fill=\"none\" xmlns=\"http:\/\/www.w3.org\/2000\/svg\">\n<rect x=\"12\" y=\"1.00003\" width=\"20\" height=\"2\" transform=\"rotate(90 12 1.00003)\" fill=\"white\"\/>\n<rect x=\"21\" y=\"12\" width=\"20\" height=\"2\" transform=\"rotate(-180 21 12)\" fill=\"white\"\/>\n<\/svg>\n\n                                        <\/div>\n                                    <\/div>\n                                    <div class=\"list-item-content\">\n                                        <div class=\"title-wrapper\">8280 TTV<\/div>\n\n                                                                                    <div class=\"tagline-wrapper\">287 HP : #ALWAYSONTRACTOR<\/div>\n                                                                            <\/div>\n                                <\/a>\n                            <\/div>\n                                                    <div class=\"list-item list-item__tractor\" id=\"serie-7-ttv\">\n                                <a class=\"list-item-inner\" href=\"https:\/\/deutzfahrmer.ca\/fr\/tracteur\/serie-7-ttv\/\">\n                                    <div class=\"list-item-image\" style=\"background-image: url(https:\/\/deutzfahrmer.ca\/app\/uploads\/2023\/05\/deutzfahr-canada-tractor_7-ttv-series_thumbnail-1.jpg);\">\n                                        <div class=\"list-item-link\">\n                                            <svg width=\"22\" height=\"22\" viewBox=\"0 0 22 22\" fill=\"none\" xmlns=\"http:\/\/www.w3.org\/2000\/svg\">\n<rect x=\"12\" y=\"1.00003\" width=\"20\" height=\"2\" transform=\"rotate(90 12 1.00003)\" fill=\"white\"\/>\n<rect x=\"21\" y=\"12\" width=\"20\" height=\"2\" transform=\"rotate(-180 21 12)\" fill=\"white\"\/>\n<\/svg>\n\n                                        <\/div>\n                                    <\/div>\n                                    <div class=\"list-item-content\">\n                                        <div class=\"title-wrapper\">S\u00c9RIE 7 TTV<\/div>\n\n                                                                                    <div class=\"tagline-wrapper\">247 HP : TOUT SIMPLEMENT LE MAXIMUM.<\/div>\n                                                                            <\/div>\n                                <\/a>\n                            <\/div>\n                                                    <div class=\"list-item list-item__tractor\" id=\"serie-6-ttv\">\n                                <a class=\"list-item-inner\" href=\"https:\/\/deutzfahrmer.ca\/fr\/tracteur\/serie-6-ttv\/\">\n                                    <div class=\"list-item-image\" style=\"background-image: url(https:\/\/deutzfahrmer.ca\/app\/uploads\/2023\/05\/deutzfahr-canada-tractor_6-ttv-series_thumbnail.jpg);\">\n                                        <div class=\"list-item-link\">\n                                            <svg width=\"22\" height=\"22\" viewBox=\"0 0 22 22\" fill=\"none\" xmlns=\"http:\/\/www.w3.org\/2000\/svg\">\n<rect x=\"12\" y=\"1.00003\" width=\"20\" height=\"2\" transform=\"rotate(90 12 1.00003)\" fill=\"white\"\/>\n<rect x=\"21\" y=\"12\" width=\"20\" height=\"2\" transform=\"rotate(-180 21 12)\" fill=\"white\"\/>\n<\/svg>\n\n                                        <\/div>\n                                    <\/div>\n                                    <div class=\"list-item-content\">\n                                        <div class=\"title-wrapper\">S\u00c9RIE 6 TTV<\/div>\n\n                                                                                    <div class=\"tagline-wrapper\">192-230 HP : LES MEILLEURS ACTEURS DANS TOUS LES DOMAINES<\/div>\n                                                                            <\/div>\n                                <\/a>\n                            <\/div>\n                                                    <div class=\"list-item list-item__tractor\" id=\"serie-6\">\n                                <a class=\"list-item-inner\" href=\"https:\/\/deutzfahrmer.ca\/fr\/tracteur\/serie-6\/\">\n                                    <div class=\"list-item-image\" style=\"background-image: url(https:\/\/deutzfahrmer.ca\/app\/uploads\/2023\/05\/deutzfahr-canada-tractor_6-series_thumbnail.jpg);\">\n                                        <div class=\"list-item-link\">\n                                            <svg width=\"22\" height=\"22\" viewBox=\"0 0 22 22\" fill=\"none\" xmlns=\"http:\/\/www.w3.org\/2000\/svg\">\n<rect x=\"12\" y=\"1.00003\" width=\"20\" height=\"2\" transform=\"rotate(90 12 1.00003)\" fill=\"white\"\/>\n<rect x=\"21\" y=\"12\" width=\"20\" height=\"2\" transform=\"rotate(-180 21 12)\" fill=\"white\"\/>\n<\/svg>\n\n                                        <\/div>\n                                    <\/div>\n                                    <div class=\"list-item-content\">\n                                        <div class=\"title-wrapper\">S\u00c9RIE 6<\/div>\n\n                                                                                    <div class=\"tagline-wrapper\">156-217 HP : LA MEILLEURE COMBINAISON DE TECHNOLOGIE POUR FAIRE FACE \u00c0 TOUTES LES T\u00c2CHES.<\/div>\n                                                                            <\/div>\n                                <\/a>\n                            <\/div>\n                                                    <div class=\"list-item list-item__tractor\" id=\"serie-6c\">\n                                <a class=\"list-item-inner\" href=\"https:\/\/deutzfahrmer.ca\/fr\/tracteur\/serie-6c\/\">\n                                    <div class=\"list-item-image\" style=\"background-image: url(https:\/\/deutzfahrmer.ca\/app\/uploads\/2023\/05\/deutzfahr-canada-tractor_6c-series_thumbnail.jpg);\">\n                                        <div class=\"list-item-link\">\n                                            <svg width=\"22\" height=\"22\" viewBox=\"0 0 22 22\" fill=\"none\" xmlns=\"http:\/\/www.w3.org\/2000\/svg\">\n<rect x=\"12\" y=\"1.00003\" width=\"20\" height=\"2\" transform=\"rotate(90 12 1.00003)\" fill=\"white\"\/>\n<rect x=\"21\" y=\"12\" width=\"20\" height=\"2\" transform=\"rotate(-180 21 12)\" fill=\"white\"\/>\n<\/svg>\n\n                                        <\/div>\n                                    <\/div>\n                                    <div class=\"list-item-content\">\n                                        <div class=\"title-wrapper\">S\u00e9rie 6C<\/div>\n\n                                                                                    <div class=\"tagline-wrapper\">116-136 HP : POLYVALENTE COMME VOTRE EXPLOITATION.<\/div>\n                                                                            <\/div>\n                                <\/a>\n                            <\/div>\n                                                    <div class=\"list-item list-item__tractor\" id=\"serie-5d-keyline\">\n                                <a class=\"list-item-inner\" href=\"https:\/\/deutzfahrmer.ca\/fr\/tracteur\/serie-5d-keyline\/\">\n                                    <div class=\"list-item-image\" style=\"background-image: url(https:\/\/deutzfahrmer.ca\/app\/uploads\/2023\/05\/deutzfahr-canada-tractor_5d-keyline_thumbnail.jpg);\">\n                                        <div class=\"list-item-link\">\n                                            <svg width=\"22\" height=\"22\" viewBox=\"0 0 22 22\" fill=\"none\" xmlns=\"http:\/\/www.w3.org\/2000\/svg\">\n<rect x=\"12\" y=\"1.00003\" width=\"20\" height=\"2\" transform=\"rotate(90 12 1.00003)\" fill=\"white\"\/>\n<rect x=\"21\" y=\"12\" width=\"20\" height=\"2\" transform=\"rotate(-180 21 12)\" fill=\"white\"\/>\n<\/svg>\n\n                                        <\/div>\n                                    <\/div>\n                                    <div class=\"list-item-content\">\n                                        <div class=\"title-wrapper\">S\u00c9RIE 5D KEYLINE<\/div>\n\n                                                                                    <div class=\"tagline-wrapper\">66-102 HP : TRAVAIL \u00c0 L&#8217;ENSEIGNE DE L&#8217;\u00c9CONOMIE<\/div>\n                                                                            <\/div>\n                                <\/a>\n                            <\/div>\n                                                    <div class=\"list-item list-item__tractor\" id=\"agrofarm\">\n                                <a class=\"list-item-inner\" href=\"https:\/\/deutzfahrmer.ca\/fr\/tracteur\/5g-series\/\">\n                                    <div class=\"list-item-image\" style=\"background-image: url(https:\/\/deutzfahrmer.ca\/app\/uploads\/2023\/05\/deutzfahr-canada-tractor_5g-series_thumbnail.jpg);\">\n                                        <div class=\"list-item-link\">\n                                            <svg width=\"22\" height=\"22\" viewBox=\"0 0 22 22\" fill=\"none\" xmlns=\"http:\/\/www.w3.org\/2000\/svg\">\n<rect x=\"12\" y=\"1.00003\" width=\"20\" height=\"2\" transform=\"rotate(90 12 1.00003)\" fill=\"white\"\/>\n<rect x=\"21\" y=\"12\" width=\"20\" height=\"2\" transform=\"rotate(-180 21 12)\" fill=\"white\"\/>\n<\/svg>\n\n                                        <\/div>\n                                    <\/div>\n                                    <div class=\"list-item-content\">\n                                        <div class=\"title-wrapper\">AGROFARM<\/div>\n\n                                                                                    <div class=\"tagline-wrapper\">75-125 HP : DES TRACTEURS COMPACTS QUI S&#8217;ADAPTENT \u00c0 TOUTES LES SITUATIONS.<\/div>\n                                                                            <\/div>\n                                <\/a>\n                            <\/div>\n                                                    <div class=\"list-item list-item__tractor\" id=\"serie-4e\">\n                                <a class=\"list-item-inner\" href=\"https:\/\/deutzfahrmer.ca\/fr\/tracteur\/serie-4e\/\">\n                                    <div class=\"list-item-image\" style=\"background-image: url(https:\/\/deutzfahrmer.ca\/app\/uploads\/2023\/05\/deutzfahr-canada-tractor_4e-keyline_thumbnail.jpg);\">\n                                        <div class=\"list-item-link\">\n                                            <svg width=\"22\" height=\"22\" viewBox=\"0 0 22 22\" fill=\"none\" xmlns=\"http:\/\/www.w3.org\/2000\/svg\">\n<rect x=\"12\" y=\"1.00003\" width=\"20\" height=\"2\" transform=\"rotate(90 12 1.00003)\" fill=\"white\"\/>\n<rect x=\"21\" y=\"12\" width=\"20\" height=\"2\" transform=\"rotate(-180 21 12)\" fill=\"white\"\/>\n<\/svg>\n\n                                        <\/div>\n                                    <\/div>\n                                    <div class=\"list-item-content\">\n                                        <div class=\"title-wrapper\">S\u00c9RIE 4E<\/div>\n\n                                                                                    <div class=\"tagline-wrapper\">45-60 HP : FIABLES ET POLYVALENTS<\/div>\n                                                                            <\/div>\n                                <\/a>\n                            <\/div>\n                                                    <div class=\"list-item list-item__tractor\" id=\"serie-5g-tb\">\n                                <a class=\"list-item-inner\" href=\"https:\/\/deutzfahrmer.ca\/fr\/tracteur\/serie-5g-tb\/\">\n                                    <div class=\"list-item-image\" style=\"background-image: url(https:\/\/deutzfahrmer.ca\/app\/uploads\/2023\/05\/deutzfahr-canada-tractor_5g-tb-series_thumbnail.jpg);\">\n                                        <div class=\"list-item-link\">\n                                            <svg width=\"22\" height=\"22\" viewBox=\"0 0 22 22\" fill=\"none\" xmlns=\"http:\/\/www.w3.org\/2000\/svg\">\n<rect x=\"12\" y=\"1.00003\" width=\"20\" height=\"2\" transform=\"rotate(90 12 1.00003)\" fill=\"white\"\/>\n<rect x=\"21\" y=\"12\" width=\"20\" height=\"2\" transform=\"rotate(-180 21 12)\" fill=\"white\"\/>\n<\/svg>\n\n                                        <\/div>\n                                    <\/div>\n                                    <div class=\"list-item-content\">\n                                        <div class=\"title-wrapper\">S\u00c9RIE 5G TB<\/div>\n\n                                                                                    <div class=\"tagline-wrapper\">102-113 HP : LA NOUVELLE S\u00c9RIE 5G TB. RENFORCEZ VOTRE EFFICACIT\u00c9.<\/div>\n                                                                            <\/div>\n                                <\/a>\n                            <\/div>\n                                                    <div class=\"list-item list-item__tractor\" id=\"serie-3\">\n                                <a class=\"list-item-inner\" href=\"https:\/\/deutzfahrmer.ca\/fr\/tracteur\/serie-3\/\">\n                                    <div class=\"list-item-image\" style=\"background-image: url(https:\/\/deutzfahrmer.ca\/app\/uploads\/2023\/05\/deutzfahr-canada-tractor_3-series_thumbnail.jpg);\">\n                                        <div class=\"list-item-link\">\n                                            <svg width=\"22\" height=\"22\" viewBox=\"0 0 22 22\" fill=\"none\" xmlns=\"http:\/\/www.w3.org\/2000\/svg\">\n<rect x=\"12\" y=\"1.00003\" width=\"20\" height=\"2\" transform=\"rotate(90 12 1.00003)\" fill=\"white\"\/>\n<rect x=\"21\" y=\"12\" width=\"20\" height=\"2\" transform=\"rotate(-180 21 12)\" fill=\"white\"\/>\n<\/svg>\n\n                                        <\/div>\n                                    <\/div>\n                                    <div class=\"list-item-content\">\n                                        <div class=\"title-wrapper\">S\u00c9RIE 3<\/div>\n\n                                                                                    <div class=\"tagline-wrapper\">51-59 HP : TRACTEUR COMPACT, GRANDE PERFORMANCE !<\/div>\n                                                                            <\/div>\n                                <\/a>\n                            <\/div>\n                                                    <div class=\"list-item list-item__tractor\" id=\"serie-5-ds-dv-df-df-ecoline\">\n                                <a class=\"list-item-inner\" href=\"https:\/\/deutzfahrmer.ca\/fr\/tracteur\/serie-5-ds-dv-df-df-ecoline\/\">\n                                    <div class=\"list-item-image\" style=\"background-image: url(https:\/\/deutzfahrmer.ca\/app\/uploads\/2023\/05\/deutzfahr-canada-tractor_5g-tb-series_thumbnail.jpg);\">\n                                        <div class=\"list-item-link\">\n                                            <svg width=\"22\" height=\"22\" viewBox=\"0 0 22 22\" fill=\"none\" xmlns=\"http:\/\/www.w3.org\/2000\/svg\">\n<rect x=\"12\" y=\"1.00003\" width=\"20\" height=\"2\" transform=\"rotate(90 12 1.00003)\" fill=\"white\"\/>\n<rect x=\"21\" y=\"12\" width=\"20\" height=\"2\" transform=\"rotate(-180 21 12)\" fill=\"white\"\/>\n<\/svg>\n\n                                        <\/div>\n                                    <\/div>\n                                    <div class=\"list-item-content\">\n                                        <div class=\"title-wrapper\">S\u00c9RIE 5 DS \/ DV \/ DF \/ DF ECOLINE<\/div>\n\n                                                                                    <div class=\"tagline-wrapper\">75-102 HP : LA PLUS GRANDE S\u00c9LECTION DE MOD\u00c8LES POUR LA PRODUCTIVIT\u00c9 MAXIMALE.<\/div>\n                                                                            <\/div>\n                                <\/a>\n                            <\/div>\n                                                                            <div class=\"list-item list-item__parts\">\n                                <div class=\"list-item-inner\">\n                                    <div class=\"title-wrapper\"><h3>Pi\u00e8ces et<br \/>\nServices<\/h3>\n<\/div>\n                                    <div class=\"content-wrapper\"><p>Nous fournissons des pi\u00e8ces et des services pour les marques et mod\u00e8les suivants.<\/p>\n<\/div>\n                                    <div class=\"logos-wrapper\">\n                                                                                    <div class=\"logo-item\"><div class=\"image image--img \">\n\t\t\t\t<div class=\"frame\">\n\t\t\t\t\t<picture>\n\t\t\t\t\t\t<source srcset=\"https:\/\/deutzfahrmer.ca\/app\/uploads\/2026\/04\/177x43_DEUTZ-FAHR_logo-alt_positive_rgb_NOIR-1.webp\" type=\"image\/webp\"\/>\n\t\t\t\t\t\t<img decoding=\"async\" src=\"https:\/\/deutzfahrmer.ca\/app\/uploads\/2026\/04\/177x43_DEUTZ-FAHR_logo-alt_positive_rgb_NOIR-1.webp\">\n\t\t\t\t\t<\/picture>\n\t\t\t\t<\/div>\n\t\t\t<\/div><\/div>\n                                                                                    <div class=\"logo-item\"><div class=\"image image--img \">\n\t\t\t\t<div class=\"frame\">\n\t\t\t\t\t<picture>\n\t\t\t\t\t\t<source srcset=\"https:\/\/deutzfahrmer.ca\/app\/uploads\/2021\/08\/Logotype_PS_L.webp\" type=\"image\/webp\"\/>\n\t\t\t\t\t\t<img decoding=\"async\" src=\"https:\/\/deutzfahrmer.ca\/app\/uploads\/2021\/08\/Logotype_PS_L.webp\">\n\t\t\t\t\t<\/picture>\n\t\t\t\t<\/div>\n\t\t\t<\/div><\/div>\n                                                                                    <div class=\"logo-item\"><div class=\"image image--img \">\n\t\t\t\t<div class=\"frame\">\n\t\t\t\t\t<picture>\n\t\t\t\t\t\t<source srcset=\"https:\/\/deutzfahrmer.ca\/app\/uploads\/2026\/04\/SAME_Logo-2.webp\" type=\"image\/webp\"\/>\n\t\t\t\t\t\t<img decoding=\"async\" src=\"https:\/\/deutzfahrmer.ca\/app\/uploads\/2026\/04\/SAME_Logo-2.webp\">\n\t\t\t\t\t<\/picture>\n\t\t\t\t<\/div>\n\t\t\t<\/div><\/div>\n                                                                                    <div class=\"logo-item\"><div class=\"image image--img \">\n\t\t\t\t<div class=\"frame\">\n\t\t\t\t\t<picture>\n\t\t\t\t\t\t<source srcset=\"https:\/\/deutzfahrmer.ca\/app\/uploads\/2021\/08\/Logotype_PS_H.webp\" type=\"image\/webp\"\/>\n\t\t\t\t\t\t<img decoding=\"async\" src=\"https:\/\/deutzfahrmer.ca\/app\/uploads\/2021\/08\/Logotype_PS_H.webp\">\n\t\t\t\t\t<\/picture>\n\t\t\t\t<\/div>\n\t\t\t<\/div><\/div>\n                                                                            <\/div>\n                                                                            <a href=\"https:\/\/deutzfahrmer.ca\/wp\/parts-services\/\" class=\"button button__transparent-green\">EN SAVOIR PLUS<\/a>\n                                                                    <\/div>\n                            <\/div>\n                                            <\/div>\n                <\/div>\n            <\/div>\n        <\/div>\n    <\/section>\n","protected":false},"excerpt":{"rendered":"","protected":false},"author":1,"featured_media":0,"parent":0,"menu_order":12,"comment_status":"closed","ping_status":"closed","template":"","meta":{"_acf_changed":false,"inline_featured_image":false,"_monsterinsights_skip_tracking":false,"_monsterinsights_sitenote_active":false,"_monsterinsights_sitenote_note":"","_monsterinsights_sitenote_category":0,"footnotes":""},"class_list":["post-1410","page","type-page","status-publish","hentry"],"acf":[],"_links":{"self":[{"href":"https:\/\/deutzfahrmer.ca\/fr\/wp-json\/wp\/v2\/pages\/1410","targetHints":{"allow":["GET"]}}],"collection":[{"href":"https:\/\/deutzfahrmer.ca\/fr\/wp-json\/wp\/v2\/pages"}],"about":[{"href":"https:\/\/deutzfahrmer.ca\/fr\/wp-json\/wp\/v2\/types\/page"}],"author":[{"embeddable":true,"href":"https:\/\/deutzfahrmer.ca\/fr\/wp-json\/wp\/v2\/users\/1"}],"replies":[{"embeddable":true,"href":"https:\/\/deutzfahrmer.ca\/fr\/wp-json\/wp\/v2\/comments?post=1410"}],"version-history":[{"count":13,"href":"https:\/\/deutzfahrmer.ca\/fr\/wp-json\/wp\/v2\/pages\/1410\/revisions"}],"predecessor-version":[{"id":1659,"href":"https:\/\/deutzfahrmer.ca\/fr\/wp-json\/wp\/v2\/pages\/1410\/revisions\/1659"}],"wp:attachment":[{"href":"https:\/\/deutzfahrmer.ca\/fr\/wp-json\/wp\/v2\/media?parent=1410"}],"curies":[{"name":"wp","href":"https:\/\/api.w.org\/{rel}","templated":true}]}}